{"id":92,"date":"2025-07-13T13:58:34","date_gmt":"2025-07-13T11:58:34","guid":{"rendered":"http:\/\/natur-waldhotel.de\/?page_id=92"},"modified":"2026-02-18T14:49:12","modified_gmt":"2026-02-18T13:49:12","slug":"impressum","status":"publish","type":"page","link":"https:\/\/natur-waldhotel.de\/en\/impressum\/","title":{"rendered":"imprint"},"content":{"rendered":"<p>[et_pb_section fb_built=&#8220;1&#8243; custom_padding_last_edited=&#8220;on|phone&#8220; _builder_version=&#8220;4.27.4&#8243; _module_preset=&#8220;default&#8220; use_background_color_gradient=&#8220;on&#8220; background_color_gradient_stops=&#8220;#000000 0%|rgba(255,255,255,0) 0%|rgba(255,255,255,0) 89%|#000000 100%&#8220; background_color_gradient_overlays_image=&#8220;on&#8220; background_image=&#8220;https:\/\/natur-waldhotel.de\/wp-content\/uploads\/2025\/12\/natur-waldhotel.jpeg&#8220; custom_margin=&#8220;0px||0px||false|false&#8220; custom_padding=&#8220;50px||50px||true|false&#8220; custom_padding_tablet=&#8220;120px||120px||true|false&#8220; custom_padding_phone=&#8220;120px||120px||true|false&#8220; animation_style=&#8220;fade&#8220; animation_duration=&#8220;800ms&#8220; global_colors_info=&#8220;{}&#8220;][et_pb_row _builder_version=&#8220;4.27.4&#8243; _module_preset=&#8220;default&#8220; background_color=&#8220;rgba(255,255,255,0.53)&#8220; width=&#8220;90%&#8220; max_width=&#8220;1240px&#8220; custom_margin=&#8220;0px||||false|false&#8220; custom_margin_tablet=&#8220;0px||0px||false|false&#8220; custom_margin_phone=&#8220;0px||0px||false|false&#8220; custom_margin_last_edited=&#8220;on|phone&#8220; custom_padding=&#8220;35px||35px||true|false&#8220; border_radii=&#8220;on|25px|25px|25px|25px&#8220; global_colors_info=&#8220;{}&#8220;][et_pb_column type=&#8220;4_4&#8243; _builder_version=&#8220;4.17.4&#8243; _module_preset=&#8220;default&#8220; global_colors_info=&#8220;{}&#8220;][et_pb_image src=&#8220;https:\/\/natur-waldhotel.de\/wp-content\/uploads\/2025\/12\/logo-johannesruh.png&#8220; title_text=&#8220;logo-johannesruh&#8220; align=&#8220;center&#8220; _builder_version=&#8220;4.27.4&#8243; _module_preset=&#8220;default&#8220; background_enable_color=&#8220;off&#8220; width=&#8220;40%&#8220; custom_padding=&#8220;25px|25px||25px|false|true&#8220; global_colors_info=&#8220;{}&#8220;][\/et_pb_image][et_pb_text _builder_version=&#8220;4.27.4&#8243; _module_preset=&#8220;default&#8220; text_font=&#8220;Sansserifflf|900|||||||&#8220; text_text_color=&#8220;#321f00&#8243; text_font_size=&#8220;25px&#8220; text_orientation=&#8220;center&#8220; custom_margin=&#8220;0px||0px||false|false&#8220; custom_padding=&#8220;0px||0px||false|false&#8220; text_font_size_tablet=&#8220;18px&#8220; text_font_size_phone=&#8220;16px&#8220; text_font_size_last_edited=&#8220;on|phone&#8220; global_colors_info=&#8220;{}&#8220;]<\/p>\n<p><span>Ruhe und Erholung in unserem idyllischen Ferienhotel<\/span><\/p>\n<p>[\/et_pb_text][\/et_pb_column][\/et_pb_row][\/et_pb_section][et_pb_section fb_built=&#8220;1&#8243; _builder_version=&#8220;4.27.4&#8243; _module_preset=&#8220;default&#8220; global_colors_info=&#8220;{}&#8220;][et_pb_row _builder_version=&#8220;4.27.4&#8243; _module_preset=&#8220;default&#8220; global_colors_info=&#8220;{}&#8220;][et_pb_column type=&#8220;4_4&#8243; _builder_version=&#8220;4.27.4&#8243; _module_preset=&#8220;default&#8220; global_colors_info=&#8220;{}&#8220;][et_pb_heading title=&#8220;Impressum&#8220; _builder_version=&#8220;4.27.4&#8243; _module_preset=&#8220;default&#8220; title_font=&#8220;||||||||&#8220; title_text_align=&#8220;center&#8220; title_text_color=&#8220;#004f00&#8243; title_font_size=&#8220;35px&#8220; global_colors_info=&#8220;{}&#8220;][\/et_pb_heading][\/et_pb_column][\/et_pb_row][et_pb_row _builder_version=&#8220;4.27.4&#8243; _module_preset=&#8220;default&#8220; global_colors_info=&#8220;{}&#8220;][et_pb_column type=&#8220;4_4&#8243; _builder_version=&#8220;4.27.4&#8243; _module_preset=&#8220;default&#8220; global_colors_info=&#8220;{}&#8220;][et_pb_text _builder_version=&#8220;4.27.4&#8243; _module_preset=&#8220;default&#8220; text_font=&#8220;|600|||||||&#8220; text_text_color=&#8220;#321f00&#8243; text_font_size=&#8220;18px&#8220; header_font=&#8220;|600|||||||&#8220; header_text_color=&#8220;#321f00&#8243; header_2_font=&#8220;|700|||||||&#8220; header_2_text_color=&#8220;#321f00&#8243; header_3_font=&#8220;|600|||||||&#8220; header_3_text_color=&#8220;#321f00&#8243; header_4_font=&#8220;|600|||||||&#8220; header_4_text_color=&#8220;#321f00&#8243; global_colors_info=&#8220;{}&#8220;]<\/p>\n<h1>imprint<\/h1>\n<p>Christian Bauer<br \/>Hotel &amp; Waldrestaurant Johannesruh<br \/>Johannesruh 1<br \/>17255 Wesenberg \/ Wustrow<\/p>\n<h2>Contact<\/h2>\n<p>Telefon: +49 (0) 39828 20226<br \/>E-Mail: hallo@natur-waldhotel.de<\/p>\n<h2>Umsatzsteuer-ID<\/h2>\n<p>Umsatzsteuer-Identifikationsnummer gem\u00e4\u00df \u00a7 27 a Umsatzsteuergesetz:<br \/>DE<\/p>\n<h2>Angaben zur Berufs\u00adhaftpflicht\u00adversicherung<\/h2>\n<p><strong>Name und Sitz des Versicherers:<\/strong><br \/>Beispiel Versicherung AG<br \/>Musterweg 10<br \/>90210 Musterstadt<\/p>\n<p><strong>Geltungsraum der Versicherung:<\/strong><br \/>Deutschland<\/p>\n<h2>Verbraucher\u00adstreit\u00adbeilegung\/Universal\u00adschlichtungs\u00adstelle<\/h2>\n<p>Wir sind nicht bereit oder verpflichtet, an Streitbeilegungsverfahren vor einer Verbraucherschlichtungsstelle teilzunehmen.<\/p>\n<p>[\/et_pb_text][\/et_pb_column][\/et_pb_row][\/et_pb_section][et_pb_section fb_built=&#8220;1&#8243; _builder_version=&#8220;4.27.4&#8243; _module_preset=&#8220;default&#8220; global_colors_info=&#8220;{}&#8220;][et_pb_row column_structure=&#8220;2_5,3_5&#8243; _builder_version=&#8220;4.27.4&#8243; _module_preset=&#8220;default&#8220; global_colors_info=&#8220;{}&#8220;][et_pb_column type=&#8220;2_5&#8243; _builder_version=&#8220;4.27.4&#8243; _module_preset=&#8220;default&#8220; global_colors_info=&#8220;{}&#8220;][et_pb_text _builder_version=&#8220;4.27.4&#8243; _module_preset=&#8220;default&#8220; text_font=&#8220;|700|||||||&#8220; header_line_height=&#8220;1.5em&#8220; header_4_font=&#8220;|600|||||||&#8220; header_4_text_color=&#8220;#321f00&#8243; header_4_font_size=&#8220;20px&#8220; header_4_line_height=&#8220;1.3em&#8220; global_colors_info=&#8220;{}&#8220;]<\/p>\n<h4>Sie m\u00f6chten uns besuchen? W\u00e4hlen Sie Ihren Zeitraum und ein verf\u00fcgbares Zimmer!<\/h4>\n<p>[\/et_pb_text][\/et_pb_column][et_pb_column type=&#8220;3_5&#8243; _builder_version=&#8220;4.27.4&#8243; _module_preset=&#8220;default&#8220; global_colors_info=&#8220;{}&#8220;][\/et_pb_column][\/et_pb_row][\/et_pb_section]<\/p>","protected":false},"excerpt":{"rendered":"<p>Ruhe und Erholung in unserem idyllischen FerienhotelImpressum Christian BauerHotel &amp; Waldrestaurant JohannesruhJohannesruh 117255 Wesenberg \/ Wustrow Kontakt Telefon: +49 (0) 39828 20226E-Mail: hallo@natur-waldhotel.de Umsatzsteuer-ID Umsatzsteuer-Identifikationsnummer gem\u00e4\u00df \u00a7 27 a Umsatzsteuergesetz:DE Angaben zur Berufs\u00adhaftpflicht\u00adversicherung Name und Sitz des Versicherers:Beispiel Versicherung AGMusterweg 1090210 Musterstadt Geltungsraum der Versicherung:Deutschland Verbraucher\u00adstreit\u00adbeilegung\/Universal\u00adschlichtungs\u00adstelle Wir sind nicht bereit oder verpflichtet, an Streitbeilegungsverfahren vor [&hellip;]<\/p>","protected":false},"author":1,"featured_media":0,"parent":0,"menu_order":0,"comment_status":"closed","ping_status":"closed","template":"","meta":{"_et_pb_use_builder":"on","_et_pb_old_content":"","_et_gb_content_width":"","footnotes":""},"class_list":["post-92","page","type-page","status-publish","hentry"],"_links":{"self":[{"href":"https:\/\/natur-waldhotel.de\/en\/wp-json\/wp\/v2\/pages\/92","targetHints":{"allow":["GET"]}}],"collection":[{"href":"https:\/\/natur-waldhotel.de\/en\/wp-json\/wp\/v2\/pages"}],"about":[{"href":"https:\/\/natur-waldhotel.de\/en\/wp-json\/wp\/v2\/types\/page"}],"author":[{"embeddable":true,"href":"https:\/\/natur-waldhotel.de\/en\/wp-json\/wp\/v2\/users\/1"}],"replies":[{"embeddable":true,"href":"https:\/\/natur-waldhotel.de\/en\/wp-json\/wp\/v2\/comments?post=92"}],"version-history":[{"count":6,"href":"https:\/\/natur-waldhotel.de\/en\/wp-json\/wp\/v2\/pages\/92\/revisions"}],"predecessor-version":[{"id":230463,"href":"https:\/\/natur-waldhotel.de\/en\/wp-json\/wp\/v2\/pages\/92\/revisions\/230463"}],"wp:attachment":[{"href":"https:\/\/natur-waldhotel.de\/en\/wp-json\/wp\/v2\/media?parent=92"}],"curies":[{"name":"wp","href":"https:\/\/api.w.org\/{rel}","templated":true}]}}